{"id":1426,"date":"2024-08-15T11:34:47","date_gmt":"2024-08-15T11:34:47","guid":{"rendered":"https:\/\/spanishguitarbuilding.com\/curso-de-construccion-de-guitarras-flamencas-una-experiencia-inolvidable\/"},"modified":"2024-11-07T11:15:42","modified_gmt":"2024-11-07T11:15:42","slug":"curso-de-construccion-de-guitarras-flamencas-una-experiencia-inolvidable","status":"publish","type":"page","link":"https:\/\/spanishguitarbuilding.com\/es\/curso-de-construccion-de-guitarras-flamencas-una-experiencia-inolvidable\/","title":{"rendered":"Curso de construcci\u00f3n de guitarras flamencas: una experiencia inolvidable"},"content":{"rendered":"\n<div class=\"wp-block-uagb-container uagb-layout-grid uagb-block-ccb3d586 default uagb-is-root-container\">\n<div class=\"wp-block-uagb-image uagb-block-2be9bcc8 wp-block-uagb-image--layout-default wp-block-uagb-image--effect-static wp-block-uagb-image--align-none\"><figure class=\"wp-block-uagb-image__figure\"><img decoding=\"async\" srcset=\"https:\/\/spanishguitarbuilding.com\/wp-content\/uploads\/2024\/10\/Spanish-Guitar-Makers-web-1024x576.jpg ,https:\/\/spanishguitarbuilding.com\/wp-content\/uploads\/2024\/10\/Spanish-Guitar-Makers-web.jpg 780w, https:\/\/spanishguitarbuilding.com\/wp-content\/uploads\/2024\/10\/Spanish-Guitar-Makers-web.jpg 360w\" sizes=\"auto, (max-width: 480px) 150px\" src=\"https:\/\/spanishguitarbuilding.com\/wp-content\/uploads\/2024\/10\/Spanish-Guitar-Makers-web-1024x576.jpg\" alt=\"\" class=\"uag-image-1197\" width=\"1024\" height=\"576\" title=\"\" loading=\"lazy\" role=\"presentation\"\/><\/figure><\/div>\r\n<\/div>\n\n<div class=\"wp-block-uagb-container uagb-block-4f48ff74 alignfull uagb-is-root-container\"><div class=\"uagb-container-inner-blocks-wrap\">\n<div class=\"wp-block-uagb-advanced-heading uagb-block-12a359b9\"><h1 class=\"uagb-heading-text\">Curso de construcci\u00f3n de guitarras flamencas<\/h1><\/div>\n\n\n\n<p class=\"has-text-align-center\">El curso de construcci\u00f3n de guitarras flamencas ofrece una oportunidad \u00fanica para aprender el arte de la luther\u00eda de la mano de maestros reconocidos. Este curso no solo te ense\u00f1a las t\u00e9cnicas esenciales para crear una guitarra desde cero, sino que tambi\u00e9n te sumerge en la rica cultura y tradiciones musicales de Espa\u00f1a.<\/p>\n\n\n\n<div class=\"wp-block-uagb-advanced-heading uagb-block-bc70bb73\"><h2 class=\"uagb-heading-text\">\u00bfQu\u00e9 es el Curso de Construcci\u00f3n de guitarras flamencas?<\/h2><\/div>\n\n\n\n<p class=\"has-text-align-center\">El curso de construcci\u00f3n de guitarras flamencas se enfoca en la creaci\u00f3n de guitarras cl\u00e1sicas y flamencas. Los participantes aprenden a seleccionar la madera, cortar, ensamblar y afinar su propio instrumento. Aunque el curso cubre teor\u00eda, pone un fuerte \u00e9nfasis en la pr\u00e1ctica, todo bajo la gu\u00eda de luthiers expertos.<\/p>\n<\/div><\/div>\n\n<div class=\"wp-block-uagb-container uagb-block-a79c5dd0 alignfull uagb-is-root-container\"><div class=\"uagb-container-inner-blocks-wrap\">\n<div class=\"wp-block-uagb-container uagb-block-94fb6244\">\n<div class=\"wp-block-uagb-advanced-heading uagb-block-e74fc2a1\"><h2 class=\"uagb-heading-text\">La experiencia general del curso<\/h2><\/div>\n\n\n\n<p class=\"has-text-align-center\">Lo que distingue a este curso es su enfoque hol\u00edstico. Va m\u00e1s all\u00e1 de los aspectos t\u00e9cnicos de construir una guitarra. Tambi\u00e9n incluye el an\u00e1lisis de guitarras de la colecci\u00f3n privada de Solera Flamenca. Los estudiantes tienen la oportunidad \u00fanica de escuchar y estudiar estos instrumentos en concierto, interpretados por artistas reconocidos.<\/p>\n<\/div>\n\n\n\n<div class=\"wp-block-uagb-container uagb-block-9c281262\">\n<div class=\"wp-block-uagb-image uagb-block-97a48796 wp-block-uagb-image--layout-default wp-block-uagb-image--effect-static wp-block-uagb-image--align-none\"><figure class=\"wp-block-uagb-image__figure\"><img decoding=\"async\" srcset=\"https:\/\/spanishguitarbuilding.com\/wp-content\/uploads\/2024\/08\/flamencoguitarconcert-1024x671.jpeg ,https:\/\/spanishguitarbuilding.com\/wp-content\/uploads\/2024\/08\/flamencoguitarconcert.jpeg 780w, https:\/\/spanishguitarbuilding.com\/wp-content\/uploads\/2024\/08\/flamencoguitarconcert.jpeg 360w\" sizes=\"auto, (max-width: 480px) 150px\" src=\"https:\/\/spanishguitarbuilding.com\/wp-content\/uploads\/2024\/08\/flamencoguitarconcert-1024x671.jpeg\" alt=\"\" class=\"uag-image-440\" width=\"1220\" height=\"800\" title=\"flamencoguitarconcert\" loading=\"lazy\" role=\"img\"\/><\/figure><\/div>\r\n<\/div>\n<\/div><\/div>\n\n<div class=\"wp-block-uagb-container uagb-block-a7eedb18 alignfull uagb-is-root-container\"><div class=\"uagb-container-inner-blocks-wrap\">\n<div class=\"wp-block-uagb-advanced-heading uagb-block-63055e62\"><h2 class=\"uagb-heading-text\">\u00bfQui\u00e9nes son los luthiers que imparten el curso?<\/h2><\/div>\n\n\n\n<p>Ya hemos confirmado dos ediciones del curso para este a\u00f1o, que ser\u00e1n dirigidas por Francisco S\u00e1nchez y Juan Antonio Barba. Ambos artesanos estuvieron presentes en la edici\u00f3n de 2024, y los participantes han dicho que fue una experiencia incre\u00edble. <br\/>Adem\u00e1s del instructor principal, contamos con un equipo de profesionales en cada curso para asistir a los estudiantes. As\u00ed, podemos adaptar las tareas a la experiencia y necesidades particulares de cada estudiante.<\/p>\n\n\n\n<div class=\"wp-block-uagb-advanced-heading uagb-block-4faf4edf\"><h2 class=\"uagb-heading-text\">\u00bfQu\u00e9 maderas utilizaremos para construir las guitarras?<\/h2><\/div>\n\n\n\n<p class=\"has-ast-global-color-3-color has-text-color has-link-color wp-elements-372b4993b568ead05bb9aa14f000baea\">Para nuestra pr\u00f3xima edici\u00f3n, podr\u00e1s seleccionar tus maderas de una colecci\u00f3n elegida especialmente para nosotros. \u00bfCedro o abeto? \u00bfCipr\u00e9s o palisandro indio? Tal vez te atrevas a usar maderas ex\u00f3ticas como palisandro de Madagascar, cocobolo, bois de rose o incluso palisandro brasile\u00f1o. Pronto publicaremos el cat\u00e1logo.<\/p>\n\n\n\n<div class=\"wp-block-uagb-advanced-heading uagb-block-246f5e52\"><h2 class=\"uagb-heading-text\">Ubicaci\u00f3n y ambiente: el entorno del curso<\/h2><\/div>\n\n\n\n<p class=\"has-text-align-center\">Ubicado en el impresionante entorno del macizo de Montserrat, este curso ofrece un ambiente inspirador. La belleza natural y la tranquilidad del lugar no solo proporcionan un espacio perfecto para aprender, sino tambi\u00e9n una conexi\u00f3n profunda con la tradici\u00f3n y cultura que rodean a la guitarra flamenca.<\/p>\n<\/div><\/div>\n\n<div class=\"wp-block-uagb-container uagb-layout-grid uagb-block-a3547d5a alignfull uagb-is-root-container\"><div class=\"uagb-container-inner-blocks-wrap\">\n<div class=\"wp-block-uagb-advanced-heading uagb-block-28aa0d07\"><h2 class=\"uagb-heading-text\">Detalles del curso de construcci\u00f3n de guitarras flamencas: \u00bfQu\u00e9 se realizar\u00e1?<\/h2><\/div>\n\n\n\n<p class=\"has-text-align-center\">El curso dura 12 d\u00edas, durante los cuales los participantes aprenden desde los conceptos b\u00e1sicos hasta t\u00e9cnicas avanzadas de luther\u00eda. Cada d\u00eda incluye sesiones pr\u00e1cticas intensivas y charlas te\u00f3ricas, permitiendo a los estudiantes adaptar su experiencia de aprendizaje a su propio ritmo e intereses.<\/p>\n\n\n\n<div class=\"wp-block-uagb-advanced-heading uagb-block-b4259815\"><h2 class=\"uagb-heading-text\">Beneficios adicionales del curso<\/h2><\/div>\n\n\n\n<p class=\"has-text-align-center\">M\u00e1s all\u00e1 del aprendizaje t\u00e9cnico, el curso incluye alojamiento completo, transporte y comidas. Los estudiantes podr\u00e1n saborear la gastronom\u00eda local y experimentar la vida en Espa\u00f1a, convirtiendo esta experiencia en algo m\u00e1s que un curso: es una inmersi\u00f3n cultural.<\/p>\n\n\n\n<div class=\"wp-block-uagb-advanced-heading uagb-block-7f86ba5f\"><h2 class=\"uagb-heading-text\">\u00bfQu\u00e9 hace este curso diferente de otros?<\/h2><\/div>\n\n\n\n<p class=\"has-text-align-center\">A diferencia de otros cursos de construcci\u00f3n de guitarras, este se destaca por su enfoque cultural y su conexi\u00f3n directa con la tradici\u00f3n flamenca. La presencia de maestros como Francisco S\u00e1nchez y Juan Barba agrega un valor incomparable a la experiencia.<\/p>\n\n\n\n<div class=\"wp-block-uagb-advanced-heading uagb-block-90aa25b6\"><h2 class=\"uagb-heading-text\">Testimonios y experiencias de participantes anteriores<\/h2><\/div>\n\n\n\n<p class=\"has-text-align-center\">\u00abEl Curso de Construcci\u00f3n de guitarras flamencas es diferente porque, adem\u00e1s del conocimiento y los m\u00e9todos de los mejores maestros, ofrece una experiencia completa. Ubicado en un entorno natural junto a Montserrat, es una experiencia \u00fanica que va m\u00e1s all\u00e1 de la luther\u00eda.\u00bb Este testimonio captura la calidad y profundidad del curso.<\/p>\n\n\n\n<div class=\"wp-block-uagb-advanced-heading uagb-block-93489b02\"><h2 class=\"uagb-heading-text\">\u00bfC\u00f3mo inscribirse en el Curso de construcci\u00f3n de guitarras flamencas?<\/h2><\/div>\n\n\n\n<p class=\"has-text-align-center\">Para inscribirte en este curso, solo completa el formulario de contacto. Te informaremos del costo y las fechas disponibles en un correo electr\u00f3nico, junto con los requisitos, que generalmente incluyen un inter\u00e9s genuino en la m\u00fasica y la artesan\u00eda.<\/p>\n\n\n\n<div class=\"wp-block-uagb-advanced-heading uagb-block-8d738dd5\"><h2 class=\"uagb-heading-text\">\u00bfPor qu\u00e9 elegir este curso?<\/h2><\/div>\n\n\n\n<p class=\"has-text-align-center\">Este curso ofrece una experiencia \u00fanica que combina aprendizaje t\u00e9cnico con una profunda inmersi\u00f3n cultural. Es perfecto para aquellos que no solo quieren aprender a construir una guitarra, sino que tambi\u00e9n desean entender y vivir la tradici\u00f3n musical espa\u00f1ola en un entorno inspirador.<\/p>\n<\/div><\/div>\n\n<div class=\"wp-block-uagb-container uagb-layout-grid uagb-block-b477ea58 alignfull uagb-is-root-container\"><div class=\"uagb-container-inner-blocks-wrap\"><\/div><\/div>\n","protected":false},"excerpt":{"rendered":"<p>Curso de construcci\u00f3n de guitarras flamencas El curso de construcci\u00f3n de guitarras flamencas ofrece una oportunidad \u00fanica para aprender el [&hellip;]<\/p>\n","protected":false},"author":2,"featured_media":0,"parent":0,"menu_order":8,"comment_status":"closed","ping_status":"closed","template":"","meta":{"inline_featured_image":false,"_uag_custom_page_level_css":"","site-sidebar-layout":"default","site-content-layout":"","ast-site-content-layout":"","site-content-style":"default","site-sidebar-style":"default","ast-global-header-display":"","ast-banner-title-visibility":"","ast-main-header-display":"","ast-hfb-above-header-display":"","ast-hfb-below-header-display":"","ast-hfb-mobile-header-display":"","site-post-title":"disabled","ast-breadcrumbs-content":"","ast-featured-img":"","footer-sml-layout":"","theme-transparent-header-meta":"","adv-header-id-meta":"","stick-header-meta":"","header-above-stick-meta":"","header-main-stick-meta":"","header-below-stick-meta":"","astra-migrate-meta-layouts":"default","ast-page-background-enabled":"default","ast-page-background-meta":{"desktop":{"background-color":"var(--ast-global-color-4)","background-image":"","background-repeat":"repeat","background-position":"center center","background-size":"auto","background-attachment":"scroll","background-type":"","background-media":"","overlay-type":"","overlay-color":"","overlay-opacity":"","overlay-gradient":""},"tablet":{"background-color":"","background-image":"","background-repeat":"repeat","background-position":"center center","background-size":"auto","background-attachment":"scroll","background-type":"","background-media":"","overlay-type":"","overlay-color":"","overlay-opacity":"","overlay-gradient":""},"mobile":{"background-color":"","background-image":"","background-repeat":"repeat","background-position":"center center","background-size":"auto","background-attachment":"scroll","background-type":"","background-media":"","overlay-type":"","overlay-color":"","overlay-opacity":"","overlay-gradient":""}},"ast-content-background-meta":{"desktop":{"background-color":"var(--ast-global-color-5)","background-image":"","background-repeat":"repeat","background-position":"center center","background-size":"auto","background-attachment":"scroll","background-type":"","background-media":"","overlay-type":"","overlay-color":"","overlay-opacity":"","overlay-gradient":""},"tablet":{"background-color":"var(--ast-global-color-5)","background-image":"","background-repeat":"repeat","background-position":"center center","background-size":"auto","background-attachment":"scroll","background-type":"","background-media":"","overlay-type":"","overlay-color":"","overlay-opacity":"","overlay-gradient":""},"mobile":{"background-color":"var(--ast-global-color-5)","background-image":"","background-repeat":"repeat","background-position":"center center","background-size":"auto","background-attachment":"scroll","background-type":"","background-media":"","overlay-type":"","overlay-color":"","overlay-opacity":"","overlay-gradient":""}},"_joinchat":[],"footnotes":""},"class_list":["post-1426","page","type-page","status-publish","hentry"],"yoast_head":"<!-- This site is optimized with the Yoast SEO plugin v23.9 - https:\/\/yoast.com\/wordpress\/plugins\/seo\/ -->\n<title>Curso de construcci\u00f3n de guitarras flamencas: una experiencia inolvidable - Solera Artisans School<\/title>\n<meta name=\"description\" content=\"En este curso de construcci\u00f3n de guitarras flamencas, tendr\u00e1s una experiencia completa. Conciertos, comida t\u00edpica y la oportunidad de explorar entornos incre\u00edbles.\" \/>\n<meta name=\"robots\" content=\"index, follow, max-snippet:-1, max-image-preview:large, max-video-preview:-1\" \/>\n<link rel=\"canonical\" href=\"https:\/\/spanishguitarbuilding.com\/es\/curso-de-construccion-de-guitarras-flamencas-una-experiencia-inolvidable\/\" \/>\n<meta property=\"og:locale\" content=\"es_ES\" \/>\n<meta property=\"og:type\" content=\"article\" \/>\n<meta property=\"og:title\" content=\"Curso de construcci\u00f3n de guitarras flamencas: una experiencia inolvidable - Solera Artisans School\" \/>\n<meta property=\"og:description\" content=\"En este curso de construcci\u00f3n de guitarras flamencas, tendr\u00e1s una experiencia completa. Conciertos, comida t\u00edpica y la oportunidad de explorar entornos incre\u00edbles.\" \/>\n<meta property=\"og:url\" content=\"https:\/\/spanishguitarbuilding.com\/es\/curso-de-construccion-de-guitarras-flamencas-una-experiencia-inolvidable\/\" \/>\n<meta property=\"og:site_name\" content=\"Solera Artisans School\" \/>\n<meta property=\"article:publisher\" content=\"https:\/\/www.instagram.com\/spanishguitarbuilding\/\" \/>\n<meta property=\"article:modified_time\" content=\"2024-11-07T11:15:42+00:00\" \/>\n<meta property=\"og:image\" content=\"https:\/\/spanishguitarbuilding.com\/wp-content\/uploads\/2024\/10\/Spanish-Guitar-Makers-web-1024x576.jpg\" \/>\n<meta name=\"twitter:card\" content=\"summary_large_image\" \/>\n<meta name=\"twitter:label1\" content=\"Tiempo de lectura\" \/>\n\t<meta name=\"twitter:data1\" content=\"4 minutos\" \/>\n<script type=\"application\/ld+json\" class=\"yoast-schema-graph\">{\"@context\":\"https:\/\/schema.org\",\"@graph\":[{\"@type\":\"WebPage\",\"@id\":\"https:\/\/spanishguitarbuilding.com\/es\/curso-de-construccion-de-guitarras-flamencas-una-experiencia-inolvidable\/\",\"url\":\"https:\/\/spanishguitarbuilding.com\/es\/curso-de-construccion-de-guitarras-flamencas-una-experiencia-inolvidable\/\",\"name\":\"Curso de construcci\u00f3n de guitarras flamencas: una experiencia inolvidable - Solera Artisans School\",\"isPartOf\":{\"@id\":\"https:\/\/spanishguitarbuilding.com\/es\/#website\"},\"primaryImageOfPage\":{\"@id\":\"https:\/\/spanishguitarbuilding.com\/es\/curso-de-construccion-de-guitarras-flamencas-una-experiencia-inolvidable\/#primaryimage\"},\"image\":{\"@id\":\"https:\/\/spanishguitarbuilding.com\/es\/curso-de-construccion-de-guitarras-flamencas-una-experiencia-inolvidable\/#primaryimage\"},\"thumbnailUrl\":\"https:\/\/spanishguitarbuilding.com\/wp-content\/uploads\/2024\/10\/Spanish-Guitar-Makers-web-1024x576.jpg\",\"datePublished\":\"2024-08-15T11:34:47+00:00\",\"dateModified\":\"2024-11-07T11:15:42+00:00\",\"description\":\"En este curso de construcci\u00f3n de guitarras flamencas, tendr\u00e1s una experiencia completa. Conciertos, comida t\u00edpica y la oportunidad de explorar entornos incre\u00edbles.\",\"breadcrumb\":{\"@id\":\"https:\/\/spanishguitarbuilding.com\/es\/curso-de-construccion-de-guitarras-flamencas-una-experiencia-inolvidable\/#breadcrumb\"},\"inLanguage\":\"es\",\"potentialAction\":[{\"@type\":\"ReadAction\",\"target\":[\"https:\/\/spanishguitarbuilding.com\/es\/curso-de-construccion-de-guitarras-flamencas-una-experiencia-inolvidable\/\"]}]},{\"@type\":\"ImageObject\",\"inLanguage\":\"es\",\"@id\":\"https:\/\/spanishguitarbuilding.com\/es\/curso-de-construccion-de-guitarras-flamencas-una-experiencia-inolvidable\/#primaryimage\",\"url\":\"https:\/\/spanishguitarbuilding.com\/wp-content\/uploads\/2024\/10\/Spanish-Guitar-Makers-web-1024x576.jpg\",\"contentUrl\":\"https:\/\/spanishguitarbuilding.com\/wp-content\/uploads\/2024\/10\/Spanish-Guitar-Makers-web-1024x576.jpg\"},{\"@type\":\"BreadcrumbList\",\"@id\":\"https:\/\/spanishguitarbuilding.com\/es\/curso-de-construccion-de-guitarras-flamencas-una-experiencia-inolvidable\/#breadcrumb\",\"itemListElement\":[{\"@type\":\"ListItem\",\"position\":1,\"name\":\"Portada\",\"item\":\"https:\/\/spanishguitarbuilding.com\/es\/\"},{\"@type\":\"ListItem\",\"position\":2,\"name\":\"Curso de construcci\u00f3n de guitarras flamencas: una experiencia inolvidable\"}]},{\"@type\":\"WebSite\",\"@id\":\"https:\/\/spanishguitarbuilding.com\/es\/#website\",\"url\":\"https:\/\/spanishguitarbuilding.com\/es\/\",\"name\":\"Spanish Guitar Building\",\"description\":\"\",\"publisher\":{\"@id\":\"https:\/\/spanishguitarbuilding.com\/es\/#organization\"},\"potentialAction\":[{\"@type\":\"SearchAction\",\"target\":{\"@type\":\"EntryPoint\",\"urlTemplate\":\"https:\/\/spanishguitarbuilding.com\/es\/?s={search_term_string}\"},\"query-input\":{\"@type\":\"PropertyValueSpecification\",\"valueRequired\":true,\"valueName\":\"search_term_string\"}}],\"inLanguage\":\"es\"},{\"@type\":\"Organization\",\"@id\":\"https:\/\/spanishguitarbuilding.com\/es\/#organization\",\"name\":\"Solera Artisans School\",\"url\":\"https:\/\/spanishguitarbuilding.com\/es\/\",\"logo\":{\"@type\":\"ImageObject\",\"inLanguage\":\"es\",\"@id\":\"https:\/\/spanishguitarbuilding.com\/es\/#\/schema\/logo\/image\/\",\"url\":\"https:\/\/spanishguitarbuilding.com\/wp-content\/uploads\/2024\/08\/guitar-collection-room.webp\",\"contentUrl\":\"https:\/\/spanishguitarbuilding.com\/wp-content\/uploads\/2024\/08\/guitar-collection-room.webp\",\"width\":1100,\"height\":618,\"caption\":\"Solera Artisans School\"},\"image\":{\"@id\":\"https:\/\/spanishguitarbuilding.com\/es\/#\/schema\/logo\/image\/\"},\"sameAs\":[\"https:\/\/www.instagram.com\/spanishguitarbuilding\/\"]}]}<\/script>\n<!-- \/ Yoast SEO plugin. -->","yoast_head_json":{"title":"Curso de construcci\u00f3n de guitarras flamencas: una experiencia inolvidable - Solera Artisans School","description":"En este curso de construcci\u00f3n de guitarras flamencas, tendr\u00e1s una experiencia completa. Conciertos, comida t\u00edpica y la oportunidad de explorar entornos incre\u00edbles.","robots":{"index":"index","follow":"follow","max-snippet":"max-snippet:-1","max-image-preview":"max-image-preview:large","max-video-preview":"max-video-preview:-1"},"canonical":"https:\/\/spanishguitarbuilding.com\/es\/curso-de-construccion-de-guitarras-flamencas-una-experiencia-inolvidable\/","og_locale":"es_ES","og_type":"article","og_title":"Curso de construcci\u00f3n de guitarras flamencas: una experiencia inolvidable - Solera Artisans School","og_description":"En este curso de construcci\u00f3n de guitarras flamencas, tendr\u00e1s una experiencia completa. Conciertos, comida t\u00edpica y la oportunidad de explorar entornos incre\u00edbles.","og_url":"https:\/\/spanishguitarbuilding.com\/es\/curso-de-construccion-de-guitarras-flamencas-una-experiencia-inolvidable\/","og_site_name":"Solera Artisans School","article_publisher":"https:\/\/www.instagram.com\/spanishguitarbuilding\/","article_modified_time":"2024-11-07T11:15:42+00:00","og_image":[{"url":"https:\/\/spanishguitarbuilding.com\/wp-content\/uploads\/2024\/10\/Spanish-Guitar-Makers-web-1024x576.jpg"}],"twitter_card":"summary_large_image","twitter_misc":{"Tiempo de lectura":"4 minutos"},"schema":{"@context":"https:\/\/schema.org","@graph":[{"@type":"WebPage","@id":"https:\/\/spanishguitarbuilding.com\/es\/curso-de-construccion-de-guitarras-flamencas-una-experiencia-inolvidable\/","url":"https:\/\/spanishguitarbuilding.com\/es\/curso-de-construccion-de-guitarras-flamencas-una-experiencia-inolvidable\/","name":"Curso de construcci\u00f3n de guitarras flamencas: una experiencia inolvidable - Solera Artisans School","isPartOf":{"@id":"https:\/\/spanishguitarbuilding.com\/es\/#website"},"primaryImageOfPage":{"@id":"https:\/\/spanishguitarbuilding.com\/es\/curso-de-construccion-de-guitarras-flamencas-una-experiencia-inolvidable\/#primaryimage"},"image":{"@id":"https:\/\/spanishguitarbuilding.com\/es\/curso-de-construccion-de-guitarras-flamencas-una-experiencia-inolvidable\/#primaryimage"},"thumbnailUrl":"https:\/\/spanishguitarbuilding.com\/wp-content\/uploads\/2024\/10\/Spanish-Guitar-Makers-web-1024x576.jpg","datePublished":"2024-08-15T11:34:47+00:00","dateModified":"2024-11-07T11:15:42+00:00","description":"En este curso de construcci\u00f3n de guitarras flamencas, tendr\u00e1s una experiencia completa. Conciertos, comida t\u00edpica y la oportunidad de explorar entornos incre\u00edbles.","breadcrumb":{"@id":"https:\/\/spanishguitarbuilding.com\/es\/curso-de-construccion-de-guitarras-flamencas-una-experiencia-inolvidable\/#breadcrumb"},"inLanguage":"es","potentialAction":[{"@type":"ReadAction","target":["https:\/\/spanishguitarbuilding.com\/es\/curso-de-construccion-de-guitarras-flamencas-una-experiencia-inolvidable\/"]}]},{"@type":"ImageObject","inLanguage":"es","@id":"https:\/\/spanishguitarbuilding.com\/es\/curso-de-construccion-de-guitarras-flamencas-una-experiencia-inolvidable\/#primaryimage","url":"https:\/\/spanishguitarbuilding.com\/wp-content\/uploads\/2024\/10\/Spanish-Guitar-Makers-web-1024x576.jpg","contentUrl":"https:\/\/spanishguitarbuilding.com\/wp-content\/uploads\/2024\/10\/Spanish-Guitar-Makers-web-1024x576.jpg"},{"@type":"BreadcrumbList","@id":"https:\/\/spanishguitarbuilding.com\/es\/curso-de-construccion-de-guitarras-flamencas-una-experiencia-inolvidable\/#breadcrumb","itemListElement":[{"@type":"ListItem","position":1,"name":"Portada","item":"https:\/\/spanishguitarbuilding.com\/es\/"},{"@type":"ListItem","position":2,"name":"Curso de construcci\u00f3n de guitarras flamencas: una experiencia inolvidable"}]},{"@type":"WebSite","@id":"https:\/\/spanishguitarbuilding.com\/es\/#website","url":"https:\/\/spanishguitarbuilding.com\/es\/","name":"Spanish Guitar Building","description":"","publisher":{"@id":"https:\/\/spanishguitarbuilding.com\/es\/#organization"},"potentialAction":[{"@type":"SearchAction","target":{"@type":"EntryPoint","urlTemplate":"https:\/\/spanishguitarbuilding.com\/es\/?s={search_term_string}"},"query-input":{"@type":"PropertyValueSpecification","valueRequired":true,"valueName":"search_term_string"}}],"inLanguage":"es"},{"@type":"Organization","@id":"https:\/\/spanishguitarbuilding.com\/es\/#organization","name":"Solera Artisans School","url":"https:\/\/spanishguitarbuilding.com\/es\/","logo":{"@type":"ImageObject","inLanguage":"es","@id":"https:\/\/spanishguitarbuilding.com\/es\/#\/schema\/logo\/image\/","url":"https:\/\/spanishguitarbuilding.com\/wp-content\/uploads\/2024\/08\/guitar-collection-room.webp","contentUrl":"https:\/\/spanishguitarbuilding.com\/wp-content\/uploads\/2024\/08\/guitar-collection-room.webp","width":1100,"height":618,"caption":"Solera Artisans School"},"image":{"@id":"https:\/\/spanishguitarbuilding.com\/es\/#\/schema\/logo\/image\/"},"sameAs":["https:\/\/www.instagram.com\/spanishguitarbuilding\/"]}]}},"uagb_featured_image_src":{"full":false,"thumbnail":false,"medium":false,"medium_large":false,"large":false,"1536x1536":false,"2048x2048":false},"uagb_author_info":{"display_name":"Spanish guitar building","author_link":"https:\/\/spanishguitarbuilding.com\/es\/author\/otgerspanishguitarbuilding\/"},"uagb_comment_info":0,"uagb_excerpt":"Curso de construcci\u00f3n de guitarras flamencas El curso de construcci\u00f3n de guitarras flamencas ofrece una oportunidad \u00fanica para aprender el [&hellip;]","_links":{"self":[{"href":"https:\/\/spanishguitarbuilding.com\/es\/wp-json\/wp\/v2\/pages\/1426","targetHints":{"allow":["GET"]}}],"collection":[{"href":"https:\/\/spanishguitarbuilding.com\/es\/wp-json\/wp\/v2\/pages"}],"about":[{"href":"https:\/\/spanishguitarbuilding.com\/es\/wp-json\/wp\/v2\/types\/page"}],"author":[{"embeddable":true,"href":"https:\/\/spanishguitarbuilding.com\/es\/wp-json\/wp\/v2\/users\/2"}],"replies":[{"embeddable":true,"href":"https:\/\/spanishguitarbuilding.com\/es\/wp-json\/wp\/v2\/comments?post=1426"}],"version-history":[{"count":1,"href":"https:\/\/spanishguitarbuilding.com\/es\/wp-json\/wp\/v2\/pages\/1426\/revisions"}],"predecessor-version":[{"id":1427,"href":"https:\/\/spanishguitarbuilding.com\/es\/wp-json\/wp\/v2\/pages\/1426\/revisions\/1427"}],"wp:attachment":[{"href":"https:\/\/spanishguitarbuilding.com\/es\/wp-json\/wp\/v2\/media?parent=1426"}],"curies":[{"name":"wp","href":"https:\/\/api.w.org\/{rel}","templated":true}]}}